{"id":6873,"date":"2017-03-15T15:45:30","date_gmt":"2017-03-15T14:45:30","guid":{"rendered":"https:\/\/boutique.chateaulaujac.com\/legale-angaben\/"},"modified":"2024-02-02T12:31:50","modified_gmt":"2024-02-02T11:31:50","slug":"impressum","status":"publish","type":"page","link":"https:\/\/boutique.chateaulaujac.com\/de\/impressum\/","title":{"rendered":"Impressum"},"content":{"rendered":"<h1>Impressum<\/h1>\n<p>Bitte lesen Sie die verschiedenen Nutzungsbedingungen dieser Website sorgf\u00e4ltig durch, bevor Sie deren Seiten durchsuchen. Durch die Verbindung zu dieser Website akzeptieren Sie diese Allgemeinen Gesch\u00e4ftsbedingungen vorbehaltlos. Gem\u00e4\u00df Artikel Nr. 6 des Gesetzes Nr. 2004-575 vom 21. Juni 2004 \u00fcber das Vertrauen in die digitale Wirtschaft sind die f\u00fcr diese Website <a href=\"http:\/\/boutique.chateaulaujac.com\">boutique.chateaulaujac.com<\/a> verantwortlichen Personen au\u00dferdem:<\/p>\n<h2>Site-Editor:<\/h2>\n<p>SAS Domaines Laujac<br \/>\nNummer Siret : 320 596 653 00016<br \/>\nRedaktionsleiter : Ren\u00e9-Philippe DUBOSCQ<br \/>\n56, Route de Laujac, 33340, Begadan, France<br \/>\nTelefon : <span class=\"_7iPj__WsJnaN_\">21 05 14 65 5(0) 33+<\/span> &#8211; Fax : <span class=\"_7iPj__WsJnaN_\">21 05 14 65 5(0) 33+<\/span><br \/>\nEmail : contact@chateaulaujac.com<br \/>\nWebseite : <a href=\"http:\/\/boutique.chateaulaujac.com\">boutique.chateaulaujac.com<\/a><\/p>\n<h2>Unterkunft :<\/h2>\n<p>Gastgeber : 1&amp;1 Internet SARL<br \/>\n7, Place de la Gare BP 70109, 57201 Sarreguemines Cedex<br \/>\nWebseite : <a href=\"http:\/\/www.1and1.fr\" rel=\"nofollow\">www.1and1.fr<\/a><\/p>\n<h2>Entwicklung :<\/h2>\n<p>Agence Pr\u00e9ambulles<br \/>\nAdresse : 6, Avenue Raymond Poincar\u00e9, 68000 Colmar<br \/>\nWebseite : <a href=\"http:\/\/www.preambulles.fr\">www.preambulles.fr<\/a><\/p>\n<h2>Nutzungsbedingungen :<\/h2>\n<p>Diese Website (<a href=\"http:\/\/boutique.chateaulaujac.com\">boutique.chateaulaujac.com<\/a>) wird in verschiedenen Websprachen (HTML, HTML5, Javascript, CSS usw.) angeboten. F\u00fcr einen besseren Bedienkomfort und angenehmere Grafiken empfehlen wir Ihnen die Verwendung moderner Browser wie Internet Explorer , Safari, Firefox, Google Chrome usw.<\/p>\n<p><b>Domaines Laujac<\/b> setzt alle ihm zur Verf\u00fcgung stehenden Mittel ein, um zuverl\u00e4ssige Informationen und eine zuverl\u00e4ssige Aktualisierung seiner Websites zu gew\u00e4hrleisten. Es k\u00f6nnen jedoch Fehler oder Auslassungen auftreten. Der Internetnutzer muss daher die Richtigkeit der Informationen sicherstellen und alle \u00c4nderungen an der Website, die er f\u00fcr n\u00fctzlich h\u00e4lt, melden. ist in keiner Weise verantwortlich f\u00fcr die Verwendung dieser Informationen und f\u00fcr etwaige direkte oder indirekte Sch\u00e4den, die daraus entstehen k\u00f6nnen.<\/p>\n<p><b>Cookies <\/b>: Die Website <a href=\"http:\/\/boutique.chateaulaujac.com\">boutique.chateaulaujac.com<\/a> fordert Sie m\u00f6glicherweise auf, Cookies f\u00fcr statistische und Anzeigezwecke zu akzeptieren. Bei einem Cookie handelt es sich um Informationen, die vom Server der von Ihnen besuchten Website auf Ihrer Festplatte abgelegt werden. Es enth\u00e4lt mehrere Daten, die auf Ihrem Computer in einer einfachen Textdatei gespeichert werden, auf die ein Server zugreift, um Informationen zu lesen und zu speichern. Bestimmte Teile dieser Website k\u00f6nnen ohne die Annahme von Cookies nicht funktionieren.<\/p>\n<p><b>Hypertext-Links<\/b>: Die Websites bieten m\u00f6glicherweise Links zu anderen Websites oder anderen im Internet verf\u00fcgbaren Ressourcen. Domaines Laujac hat keine M\u00f6glichkeit, die mit seinen Websites verbundenen Websites zu kontrollieren. \u00fcbernimmt keine Verantwortung oder Garantie f\u00fcr die Verf\u00fcgbarkeit solcher Websites und externer Quellen. Sie kann nicht f\u00fcr Sch\u00e4den jeglicher Art haftbar gemacht werden, die sich aus dem Inhalt dieser Websites oder externen Quellen und insbesondere aus den dort angebotenen Informationen, Produkten oder Dienstleistungen oder aus deren Nutzung ergeben Elemente. Die mit dieser Nutzung verbundenen Risiken liegen vollst\u00e4ndig in der Verantwortung des Internetnutzers, der seine Nutzungsbedingungen einhalten muss.<\/p>\n<p>Benutzer, Abonnenten und Besucher von Websites d\u00fcrfen ohne die ausdr\u00fcckliche vorherige Genehmigung von Domaines Laujac keinen Hyperlink zu dieser Website einrichten.<\/p>\n<p>F\u00fcr den Fall, dass ein Benutzer oder Besucher einen Hyperlink zu einer der Websites von Domaines Laujac einrichten m\u00f6chte, obliegt es ihm, eine auf der Website zug\u00e4ngliche E-Mail zu senden, um seinen Antrag auf Einrichtung eines Hyperlinks zu formulieren. a Hyperlink. Domaines Laujac beh\u00e4lt sich das Recht vor, einen Hyperlink zu akzeptieren oder abzulehnen, ohne seine Entscheidung begr\u00fcnden zu m\u00fcssen.<\/p>\n<h2>Erbrachte Leistungen :<\/h2>\n<p>Alle Aktivit\u00e4ten des Unternehmens sowie seine Informationen werden auf unserer Website <a href=\"http:\/\/boutique.chateaulaujac.com\">boutique.chateaulaujac.com<\/a> pr\u00e4sentiert.<\/p>\n<p>Domaines Laujac ist bestrebt, auf der Website boutique.chateaulaujac.com m\u00f6glichst genaue Informationen bereitzustellen. Die Informationen auf der Website <a href=\"http:\/\/boutique.chateaulaujac.com\">boutique.chateaulaujac.com<\/a> erheben keinen Anspruch auf Vollst\u00e4ndigkeit und die Fotos sind nicht vertraglich bindend. \u00c4nderungen seit der Online-Ver\u00f6ffentlichung sind vorbehalten. Dar\u00fcber hinaus sind alle auf der Website boutique.chateaulaujac.com angegebenen Informationen aufgef\u00fchrt<b> <\/b>dienen nur zu Informationszwecken und k\u00f6nnen ohne vorherige Ank\u00fcndigung ge\u00e4ndert oder weiterentwickelt werden.<\/p>\n<h2>Vertragliche Datenbeschr\u00e4nkungen :<\/h2>\n<p>Die auf dieser Website enthaltenen Informationen sind so genau wie m\u00f6glich und die Website wird zu verschiedenen Zeiten im Jahr aktualisiert, kann jedoch Ungenauigkeiten oder Auslassungen enthalten. Wenn Sie eine L\u00fccke, einen Fehler oder eine scheinbare Fehlfunktion bemerken, melden Sie dies bitte per E-Mail an die Adresse contact@chateaulaujac.com und beschreiben Sie das Problem m\u00f6glichst genau (Seite, die das Problem verursacht, Art des verwendeten Computers und Browsers usw.). .).<\/p>\n<p>Das Herunterladen von Inhalten erfolgt auf eigenes Risiko und unter alleiniger Verantwortung des Nutzers. Daher kann keine Haftung f\u00fcr Sch\u00e4den am Computer des Benutzers oder Datenverluste nach dem Herunterladen \u00fcbernommen werden. Dar\u00fcber hinaus verpflichtet sich der Benutzer der Website, auf die Website mit neueren, virenfreien Ger\u00e4ten und einem aktualisierten Browser der neuesten Generation zuzugreifen.<\/p>\n<p>F\u00fcr die im Rahmen dieser Website eingerichteten Hypertext-Links zu anderen im Internet vorhandenen Ressourcen kann Domaines Laujac nicht haftbar gemacht werden.<\/p>\n<h2>Geistiges Eigentum :<\/h2>\n<p>Alle auf der Website vorhandenen Inhalte <a href=\"http:\/\/boutique.chateaulaujac.com\">boutique.chateaulaujac.com<\/a>, einschlie\u00dflich, ohne Einschr\u00e4nkung, der Grafiken, Bilder, Texte, Videos, Animationen, Sounds, Logos, GIFs und Symbole sowie deren Formatierung sind ausschlie\u00dfliches Eigentum des Unternehmens, mit Ausnahme von Marken, Logos oder Inhalten anderer Partnerunternehmen oder Autoren.<\/p>\n<p>Jede Vervielf\u00e4ltigung, Verbreitung, \u00c4nderung, Anpassung, Weiterverbreitung oder Ver\u00f6ffentlichung, auch teilweise, dieser verschiedenen Elemente ist ohne die ausdr\u00fcckliche schriftliche Zustimmung von Domaines Laujac strengstens untersagt. Diese Darstellung oder Vervielf\u00e4ltigung, gleich mit welchem \u200b\u200bMittel, stellt einen Versto\u00df dar, der gem\u00e4\u00df den Artikeln L.335-2 ff. des Gesetzes \u00fcber geistiges Eigentum geahndet wird. Die Nichteinhaltung dieses Verbots stellt einen Versto\u00df dar, der eine zivil- und strafrechtliche Haftung des Verletzers zur Folge haben kann. Dar\u00fcber hinaus k\u00f6nnen die Eigent\u00fcmer der kopierten Inhalte rechtliche Schritte gegen Sie einleiten.<\/p>\n<h2>Erkl\u00e4rung gegen\u00fcber der CNIL :<\/h2>\n<p>In \u00dcbereinstimmung mit dem Gesetz 78-17 vom 6. Januar 1978 (ge\u00e4ndert durch das Gesetz 2004-801 vom 6. August 2004 zum Schutz nat\u00fcrlicher Personen bei der Verarbeitung personenbezogener Daten) in Bezug auf Informatik, Dateien und Freiheiten verf\u00fcgt diese Website nicht der Nationalen Kommission f\u00fcr Informationstechnologie und Freiheiten gemeldet wurden (<a href=\"http:\/\/www.cnil.fr\/\">www.cnil.fr<\/a>).<\/p>\n<h2>Streitigkeiten :<\/h2>\n<p>Diese Bedingungen der Website <a href=\"http:\/\/boutique.chateaulaujac.com\">boutique.chateaulaujac.com<\/a> unterliegen franz\u00f6sischem Recht und alle Streitigkeiten oder Rechtsstreitigkeiten, die sich aus der Auslegung oder Ausf\u00fchrung dieser Bedingungen ergeben k\u00f6nnten, unterliegen der ausschlie\u00dflichen Zust\u00e4ndigkeit der Gerichte, bei denen sich der Hauptsitz der Gesellschaft befindet. Die Referenzsprache f\u00fcr die Beilegung etwaiger Streitigkeiten ist Franz\u00f6sisch.<\/p>\n<h2>Pers\u00f6nliche Daten :<\/h2>\n<p>Grunds\u00e4tzlich ist es nicht erforderlich, dass Sie uns Ihre personenbezogenen Daten mitteilen, wenn Sie unsere Website <a href=\"http:\/\/boutique.chateaulaujac.com\">boutique.chateaulaujac.com<\/a> besuchen.<\/p>\n<p>Von diesem Grundsatz gibt es jedoch gewisse Ausnahmen. F\u00fcr bestimmte auf unserer Website angebotene Dienste kann es sogar erforderlich sein, dass Sie uns bestimmte Daten mitteilen, z. B. Ihren Namen, Ihre Position, den Namen Ihres Unternehmens, Ihre E-Mail-Adresse und Ihre Telefonnummer. Dies ist der Fall, wenn Sie das Ihnen online im Bereich \u201eKontakt\u201c angebotene Formular ausf\u00fcllen. In jedem Fall k\u00f6nnen Sie die Bereitstellung Ihrer personenbezogenen Daten verweigern. In diesem Fall k\u00f6nnen Sie die Dienste der Website, insbesondere die Anforderung von Informationen \u00fcber unser Unternehmen oder den Empfang von Newslettern, nicht nutzen.<\/p>\n<p>Schlie\u00dflich k\u00f6nnen wir bei einer einfachen Navigation auf unserer Website automatisch bestimmte Informationen \u00fcber Sie erfassen, insbesondere: Informationen \u00fcber die Nutzung unserer Website, wie z. B. die von Ihnen besuchten Bereiche und die Dienste, auf die Sie zugreifen, Ihre IP-Adresse, Ihren Browsertyp, Ihre \u2026 Zugriffszeiten. Diese Informationen werden ausschlie\u00dflich zu internen statistischen Zwecken verwendet, um die Qualit\u00e4t der Ihnen angebotenen Dienste zu verbessern. Die Datenbanken sind durch die Bestimmungen des Gesetzes vom 1. Juli 1998 zur Umsetzung der Richtlinie 96\/9 vom 11. M\u00e4rz 1996 \u00fcber den rechtlichen Schutz von Datenbanken gesch\u00fctzt.<\/p>\n","protected":false},"excerpt":{"rendered":"<p>Impressum Bitte lesen Sie die verschiedenen Nutzungsbedingungen dieser Website sorgf\u00e4ltig durch, bevor Sie deren Seiten durchsuchen. Durch die Verbindung zu dieser Website akzeptieren Sie diese Allgemeinen Gesch\u00e4ftsbedingungen vorbehaltlos. Gem\u00e4\u00df Artikel Nr. 6 des Gesetzes Nr. 2004-575 vom 21. Juni 2004 \u00fcber das Vertrauen in die digitale Wirtschaft sind die f\u00fcr [&hellip;]<\/p>\n","protected":false},"author":2,"featured_media":0,"parent":0,"menu_order":0,"comment_status":"closed","ping_status":"closed","template":"","meta":{"_acf_changed":false,"_monsterinsights_skip_tracking":false,"_monsterinsights_sitenote_active":false,"_monsterinsights_sitenote_note":"","_monsterinsights_sitenote_category":0,"footnotes":""},"class_list":["post-6873","page","type-page","status-publish","hentry"],"acf":[],"yoast_head":"<!-- This site is optimized with the Yoast SEO plugin v27.3 - https:\/\/yoast.com\/product\/yoast-seo-wordpress\/ -->\n<title>Impressum - Boutique Ch\u00e2teau Laujac<\/title>\n<meta name=\"robots\" content=\"noindex, nofollow\" \/>\n<meta property=\"og:locale\" content=\"de_DE\" \/>\n<meta property=\"og:type\" content=\"article\" \/>\n<meta property=\"og:title\" content=\"Impressum - Boutique Ch\u00e2teau Laujac\" \/>\n<meta property=\"og:description\" content=\"Impressum Bitte lesen Sie die verschiedenen Nutzungsbedingungen dieser Website sorgf\u00e4ltig durch, bevor Sie deren Seiten durchsuchen. Durch die Verbindung zu dieser Website akzeptieren Sie diese Allgemeinen Gesch\u00e4ftsbedingungen vorbehaltlos. Gem\u00e4\u00df Artikel Nr. 6 des Gesetzes Nr. 2004-575 vom 21. Juni 2004 \u00fcber das Vertrauen in die digitale Wirtschaft sind die f\u00fcr [&hellip;]\" \/>\n<meta property=\"og:url\" content=\"https:\/\/boutique.chateaulaujac.com\/de\/impressum\/\" \/>\n<meta property=\"og:site_name\" content=\"Boutique Ch\u00e2teau Laujac\" \/>\n<meta property=\"article:publisher\" content=\"https:\/\/www.facebook.com\/chateau.laujac\" \/>\n<meta property=\"article:modified_time\" content=\"2024-02-02T11:31:50+00:00\" \/>\n<meta name=\"twitter:card\" content=\"summary_large_image\" \/>\n<meta name=\"twitter:site\" content=\"@chateaulaujac\" \/>\n<meta name=\"twitter:label1\" content=\"Gesch\u00e4tzte Lesezeit\" \/>\n\t<meta name=\"twitter:data1\" content=\"6\u00a0Minuten\" \/>\n<script type=\"application\/ld+json\" class=\"yoast-schema-graph\">{\"@context\":\"https:\\\/\\\/schema.org\",\"@graph\":[{\"@type\":\"WebPage\",\"@id\":\"https:\\\/\\\/boutique.chateaulaujac.com\\\/de\\\/impressum\\\/\",\"url\":\"https:\\\/\\\/boutique.chateaulaujac.com\\\/de\\\/impressum\\\/\",\"name\":\"Impressum - Boutique Ch\u00e2teau Laujac\",\"isPartOf\":{\"@id\":\"https:\\\/\\\/boutique.chateaulaujac.com\\\/#website\"},\"datePublished\":\"2017-03-15T14:45:30+00:00\",\"dateModified\":\"2024-02-02T11:31:50+00:00\",\"breadcrumb\":{\"@id\":\"https:\\\/\\\/boutique.chateaulaujac.com\\\/de\\\/impressum\\\/#breadcrumb\"},\"inLanguage\":\"de\",\"potentialAction\":[{\"@type\":\"ReadAction\",\"target\":[\"https:\\\/\\\/boutique.chateaulaujac.com\\\/de\\\/impressum\\\/\"]}]},{\"@type\":\"BreadcrumbList\",\"@id\":\"https:\\\/\\\/boutique.chateaulaujac.com\\\/de\\\/impressum\\\/#breadcrumb\",\"itemListElement\":[{\"@type\":\"ListItem\",\"position\":1,\"name\":\"Accueil\",\"item\":\"https:\\\/\\\/boutique.chateaulaujac.com\\\/de\\\/\"},{\"@type\":\"ListItem\",\"position\":2,\"name\":\"Impressum\"}]},{\"@type\":\"WebSite\",\"@id\":\"https:\\\/\\\/boutique.chateaulaujac.com\\\/#website\",\"url\":\"https:\\\/\\\/boutique.chateaulaujac.com\\\/\",\"name\":\"Boutique Ch\u00e2teau Laujac\",\"description\":\"\",\"publisher\":{\"@id\":\"https:\\\/\\\/boutique.chateaulaujac.com\\\/#organization\"},\"potentialAction\":[{\"@type\":\"SearchAction\",\"target\":{\"@type\":\"EntryPoint\",\"urlTemplate\":\"https:\\\/\\\/boutique.chateaulaujac.com\\\/?s={search_term_string}\"},\"query-input\":{\"@type\":\"PropertyValueSpecification\",\"valueRequired\":true,\"valueName\":\"search_term_string\"}}],\"inLanguage\":\"de\"},{\"@type\":\"Organization\",\"@id\":\"https:\\\/\\\/boutique.chateaulaujac.com\\\/#organization\",\"name\":\"Domaines Laujac\",\"url\":\"https:\\\/\\\/boutique.chateaulaujac.com\\\/\",\"logo\":{\"@type\":\"ImageObject\",\"inLanguage\":\"de\",\"@id\":\"https:\\\/\\\/boutique.chateaulaujac.com\\\/#\\\/schema\\\/logo\\\/image\\\/\",\"url\":\"https:\\\/\\\/boutique.chateaulaujac.com\\\/wp-content\\\/uploads\\\/2017\\\/01\\\/Logo-Cruse-Domaines-Laujac.png\",\"contentUrl\":\"https:\\\/\\\/boutique.chateaulaujac.com\\\/wp-content\\\/uploads\\\/2017\\\/01\\\/Logo-Cruse-Domaines-Laujac.png\",\"width\":600,\"height\":600,\"caption\":\"Domaines Laujac\"},\"image\":{\"@id\":\"https:\\\/\\\/boutique.chateaulaujac.com\\\/#\\\/schema\\\/logo\\\/image\\\/\"},\"sameAs\":[\"https:\\\/\\\/www.facebook.com\\\/chateau.laujac\",\"https:\\\/\\\/x.com\\\/chateaulaujac\",\"https:\\\/\\\/www.instagram.com\\\/chateau_laujac\",\"https:\\\/\\\/www.linkedin\\\/chateaulaujac.com\",\"https:\\\/\\\/fr.pinterest.com\\\/chateaulaujac\\\/\"]}]}<\/script>\n<!-- \/ Yoast SEO plugin. -->","yoast_head_json":{"title":"Impressum - Boutique Ch\u00e2teau Laujac","robots":{"index":"noindex","follow":"nofollow"},"og_locale":"de_DE","og_type":"article","og_title":"Impressum - Boutique Ch\u00e2teau Laujac","og_description":"Impressum Bitte lesen Sie die verschiedenen Nutzungsbedingungen dieser Website sorgf\u00e4ltig durch, bevor Sie deren Seiten durchsuchen. Durch die Verbindung zu dieser Website akzeptieren Sie diese Allgemeinen Gesch\u00e4ftsbedingungen vorbehaltlos. Gem\u00e4\u00df Artikel Nr. 6 des Gesetzes Nr. 2004-575 vom 21. Juni 2004 \u00fcber das Vertrauen in die digitale Wirtschaft sind die f\u00fcr [&hellip;]","og_url":"https:\/\/boutique.chateaulaujac.com\/de\/impressum\/","og_site_name":"Boutique Ch\u00e2teau Laujac","article_publisher":"https:\/\/www.facebook.com\/chateau.laujac","article_modified_time":"2024-02-02T11:31:50+00:00","twitter_card":"summary_large_image","twitter_site":"@chateaulaujac","twitter_misc":{"Gesch\u00e4tzte Lesezeit":"6\u00a0Minuten"},"schema":{"@context":"https:\/\/schema.org","@graph":[{"@type":"WebPage","@id":"https:\/\/boutique.chateaulaujac.com\/de\/impressum\/","url":"https:\/\/boutique.chateaulaujac.com\/de\/impressum\/","name":"Impressum - Boutique Ch\u00e2teau Laujac","isPartOf":{"@id":"https:\/\/boutique.chateaulaujac.com\/#website"},"datePublished":"2017-03-15T14:45:30+00:00","dateModified":"2024-02-02T11:31:50+00:00","breadcrumb":{"@id":"https:\/\/boutique.chateaulaujac.com\/de\/impressum\/#breadcrumb"},"inLanguage":"de","potentialAction":[{"@type":"ReadAction","target":["https:\/\/boutique.chateaulaujac.com\/de\/impressum\/"]}]},{"@type":"BreadcrumbList","@id":"https:\/\/boutique.chateaulaujac.com\/de\/impressum\/#breadcrumb","itemListElement":[{"@type":"ListItem","position":1,"name":"Accueil","item":"https:\/\/boutique.chateaulaujac.com\/de\/"},{"@type":"ListItem","position":2,"name":"Impressum"}]},{"@type":"WebSite","@id":"https:\/\/boutique.chateaulaujac.com\/#website","url":"https:\/\/boutique.chateaulaujac.com\/","name":"Boutique Ch\u00e2teau Laujac","description":"","publisher":{"@id":"https:\/\/boutique.chateaulaujac.com\/#organization"},"potentialAction":[{"@type":"SearchAction","target":{"@type":"EntryPoint","urlTemplate":"https:\/\/boutique.chateaulaujac.com\/?s={search_term_string}"},"query-input":{"@type":"PropertyValueSpecification","valueRequired":true,"valueName":"search_term_string"}}],"inLanguage":"de"},{"@type":"Organization","@id":"https:\/\/boutique.chateaulaujac.com\/#organization","name":"Domaines Laujac","url":"https:\/\/boutique.chateaulaujac.com\/","logo":{"@type":"ImageObject","inLanguage":"de","@id":"https:\/\/boutique.chateaulaujac.com\/#\/schema\/logo\/image\/","url":"https:\/\/boutique.chateaulaujac.com\/wp-content\/uploads\/2017\/01\/Logo-Cruse-Domaines-Laujac.png","contentUrl":"https:\/\/boutique.chateaulaujac.com\/wp-content\/uploads\/2017\/01\/Logo-Cruse-Domaines-Laujac.png","width":600,"height":600,"caption":"Domaines Laujac"},"image":{"@id":"https:\/\/boutique.chateaulaujac.com\/#\/schema\/logo\/image\/"},"sameAs":["https:\/\/www.facebook.com\/chateau.laujac","https:\/\/x.com\/chateaulaujac","https:\/\/www.instagram.com\/chateau_laujac","https:\/\/www.linkedin\/chateaulaujac.com","https:\/\/fr.pinterest.com\/chateaulaujac\/"]}]}},"_links":{"self":[{"href":"https:\/\/boutique.chateaulaujac.com\/de\/wp-json\/wp\/v2\/pages\/6873","targetHints":{"allow":["GET"]}}],"collection":[{"href":"https:\/\/boutique.chateaulaujac.com\/de\/wp-json\/wp\/v2\/pages"}],"about":[{"href":"https:\/\/boutique.chateaulaujac.com\/de\/wp-json\/wp\/v2\/types\/page"}],"author":[{"embeddable":true,"href":"https:\/\/boutique.chateaulaujac.com\/de\/wp-json\/wp\/v2\/users\/2"}],"replies":[{"embeddable":true,"href":"https:\/\/boutique.chateaulaujac.com\/de\/wp-json\/wp\/v2\/comments?post=6873"}],"version-history":[{"count":2,"href":"https:\/\/boutique.chateaulaujac.com\/de\/wp-json\/wp\/v2\/pages\/6873\/revisions"}],"predecessor-version":[{"id":6879,"href":"https:\/\/boutique.chateaulaujac.com\/de\/wp-json\/wp\/v2\/pages\/6873\/revisions\/6879"}],"wp:attachment":[{"href":"https:\/\/boutique.chateaulaujac.com\/de\/wp-json\/wp\/v2\/media?parent=6873"}],"curies":[{"name":"wp","href":"https:\/\/api.w.org\/{rel}","templated":true}]}}